{"id":212,"date":"2022-11-21T17:42:22","date_gmt":"2022-11-21T17:42:22","guid":{"rendered":"https:\/\/zorgui.es\/?page_id=212"},"modified":"2022-11-21T18:24:19","modified_gmt":"2022-11-21T18:24:19","slug":"servicios","status":"publish","type":"page","link":"https:\/\/zorgui.es\/index.php\/servicios\/","title":{"rendered":"Servicios"},"content":{"rendered":"\n<p class=\"has-x-large-font-size\"><strong>Servicios<\/strong><\/p>\n\n\n\n<div style=\"height:38px\" aria-hidden=\"true\" class=\"wp-block-spacer\"><\/div>\n\n\n\n<p style=\"font-size:clamp(16.293px, 1.018rem + ((1vw - 3.2px) * 0.989), 25px);line-height:0.6\">Administraci\u00f3n de fincas<\/p>\n\n\n\n<p style=\"font-size:clamp(16.293px, 1.018rem + ((1vw - 3.2px) * 0.989), 25px);line-height:0.6\">Alquileres<\/p>\n\n\n\n<p style=\"font-size:clamp(16.293px, 1.018rem + ((1vw - 3.2px) * 0.989), 25px);line-height:0.6\">Gesti\u00f3n de inmuebles<\/p>\n\n\n\n<p style=\"font-size:clamp(16.293px, 1.018rem + ((1vw - 3.2px) * 0.989), 25px);line-height:0.6\">Alojamientos singulares<\/p>\n\n\n\n<div style=\"height:57px\" aria-hidden=\"true\" class=\"wp-block-spacer\"><\/div>\n\n\n\n<p style=\"font-size:clamp(16.293px, 1.018rem + ((1vw - 3.2px) * 0.989), 25px);line-height:0.6\">Reformas<\/p>\n\n\n\n<p style=\"font-size:clamp(16.293px, 1.018rem + ((1vw - 3.2px) * 0.989), 25px);line-height:0.6\">Proyectos de interiorismo<\/p>\n\n\n\n<p style=\"font-size:clamp(16.293px, 1.018rem + ((1vw - 3.2px) * 0.989), 25px);line-height:0.6\">Reparaciones<\/p>\n\n\n\n<p style=\"font-size:clamp(16.293px, 1.018rem + ((1vw - 3.2px) * 0.989), 25px);line-height:0.6\">Construcci\u00f3n<\/p>\n\n\n\n<p style=\"font-size:clamp(16.293px, 1.018rem + ((1vw - 3.2px) * 0.989), 25px);line-height:0.6\">Mantenimiento de viviendas<\/p>\n","protected":false},"excerpt":{"rendered":"<p>Servicios Administraci\u00f3n de fincas Alquileres Gesti\u00f3n de inmuebles Alojamientos singulares Reformas Proyectos de interiorismo Reparaciones Construcci\u00f3n Mantenimiento de viviendas<\/p>\n","protected":false},"author":1,"featured_media":0,"parent":0,"menu_order":0,"comment_status":"closed","ping_status":"closed","template":"","meta":{"footnotes":""},"class_list":["post-212","page","type-page","status-publish","hentry"],"_links":{"self":[{"href":"https:\/\/zorgui.es\/index.php\/wp-json\/wp\/v2\/pages\/212","targetHints":{"allow":["GET"]}}],"collection":[{"href":"https:\/\/zorgui.es\/index.php\/wp-json\/wp\/v2\/pages"}],"about":[{"href":"https:\/\/zorgui.es\/index.php\/wp-json\/wp\/v2\/types\/page"}],"author":[{"embeddable":true,"href":"https:\/\/zorgui.es\/index.php\/wp-json\/wp\/v2\/users\/1"}],"replies":[{"embeddable":true,"href":"https:\/\/zorgui.es\/index.php\/wp-json\/wp\/v2\/comments?post=212"}],"version-history":[{"count":4,"href":"https:\/\/zorgui.es\/index.php\/wp-json\/wp\/v2\/pages\/212\/revisions"}],"predecessor-version":[{"id":231,"href":"https:\/\/zorgui.es\/index.php\/wp-json\/wp\/v2\/pages\/212\/revisions\/231"}],"wp:attachment":[{"href":"https:\/\/zorgui.es\/index.php\/wp-json\/wp\/v2\/media?parent=212"}],"curies":[{"name":"wp","href":"https:\/\/api.w.org\/{rel}","templated":true}]}}